{"id":826,"date":"2026-03-20T22:08:23","date_gmt":"2026-03-20T22:08:23","guid":{"rendered":"https:\/\/droctaviogonzalez.com\/?page_id=826"},"modified":"2026-03-20T22:08:39","modified_gmt":"2026-03-20T22:08:39","slug":"lifting-facial-endoscopico","status":"publish","type":"page","link":"https:\/\/droctaviogonzalez.com\/en\/lifting-facial-endoscopico\/","title":{"rendered":"Lifting facial endosc\u00f3pico."},"content":{"rendered":"<p>[et_pb_section fb_built=\u00bb1&#8243; specialty=\u00bbon\u00bb _builder_version=\u00bb4.17.6&#8243; _module_preset=\u00bbdefault\u00bb background_image=\u00bbhttp:\/\/droctaviogonzalez.com\/wp-content\/uploads\/2026\/02\/Copia-de-ARMONI\u0301A-1290-x-720-px-2.png\u00bb min_height=\u00bb720.8px\u00bb custom_padding=\u00bb136px|||||\u00bb custom_css_main_element=\u00bbheight:80vh;\u00bb global_colors_info=\u00bb{}\u00bb custom_css_main_element_last_edited=\u00bbon|phone\u00bb custom_css_main_element_tablet=\u00bbheight:80vh;\u00bb custom_css_main_element_phone=\u00bbheight:80vh;\u00bb][et_pb_column type=\u00bb1_2&#8243; _builder_version=\u00bb4.16&#8243; custom_padding=\u00bb|||\u00bb global_colors_info=\u00bb{}\u00bb custom_padding__hover=\u00bb|||\u00bb][\/et_pb_column][et_pb_column type=\u00bb1_2&#8243; specialty_columns=\u00bb2&#8243; _builder_version=\u00bb4.16&#8243; custom_padding=\u00bb|||\u00bb global_colors_info=\u00bb{}\u00bb custom_padding__hover=\u00bb|||\u00bb][et_pb_row_inner _builder_version=\u00bb4.17.6&#8243; _module_preset=\u00bbdefault\u00bb background_color=\u00bbrgba(0,0,0,0.18)\u00bb min_height=\u00bb351.4px\u00bb custom_margin=\u00bb||-1px|||\u00bb custom_padding=\u00bb65px|||||\u00bb global_colors_info=\u00bb{}\u00bb][et_pb_column_inner saved_specialty_column_type=\u00bb1_2&#8243; _builder_version=\u00bb4.17.6&#8243; _module_preset=\u00bbdefault\u00bb global_colors_info=\u00bb{}\u00bb][et_pb_text _builder_version=\u00bb4.17.6&#8243; _module_preset=\u00bbdefault\u00bb text_font=\u00bbAllerta||||||||\u00bb text_font_size=\u00bb38px\u00bb text_letter_spacing=\u00bb2px\u00bb header_font=\u00bbBelleza||||||||\u00bb header_font_size=\u00bb44px\u00bb header_letter_spacing=\u00bb1px\u00bb text_orientation=\u00bbjustified\u00bb custom_margin=\u00bb||16px|||\u00bb text_text_shadow_style=\u00bbpreset3&#8243; header_text_shadow_style=\u00bbpreset5&#8243; global_colors_info=\u00bb{}\u00bb]<\/p>\n<h1 style=\"text-align: center;\"><strong><span style=\"color: #ffffff;\"><span>Rejuvenecimiento <\/span><\/span><\/strong><\/h1>\n<h1 style=\"text-align: center;\"><strong><span style=\"color: #ffffff;\"><span>facial profundo.<\/span><\/span><\/strong><\/h1>\n<p>[\/et_pb_text][et_pb_text _builder_version=\u00bb4.17.6&#8243; _module_preset=\u00bbdefault\u00bb text_font=\u00bbMontserrat||||||||\u00bb text_letter_spacing=\u00bb1px\u00bb text_line_height=\u00bb2em\u00bb header_6_font=\u00bbAbhaya Libre||||||||\u00bb header_6_font_size=\u00bb16px\u00bb text_orientation=\u00bbjustified\u00bb custom_margin=\u00bb|||86px||\u00bb custom_padding=\u00bb|87px||||\u00bb text_text_shadow_style=\u00bbpreset5&#8243; global_colors_info=\u00bb{}\u00bb]<\/p>\n<p><span style=\"color: #ffffff;\"><span>T\u00e9cnica avanzada que restaura la firmeza y juventud del rostro respetando tu expresi\u00f3n natural.<\/span><\/span><\/p>\n<p><span style=\"color: #ffffff;\"><span><\/span><\/span><\/p>\n<p>[\/et_pb_text][et_pb_text _builder_version=\u00bb4.17.6&#8243; _module_preset=\u00bbdefault\u00bb text_font=\u00bbAllerta||||||||\u00bb text_font_size=\u00bb38px\u00bb text_letter_spacing=\u00bb2px\u00bb header_font=\u00bbBelleza||||||||\u00bb header_font_size=\u00bb44px\u00bb header_letter_spacing=\u00bb1px\u00bb text_orientation=\u00bbjustified\u00bb custom_margin=\u00bb||16px|||\u00bb text_text_shadow_style=\u00bbpreset3&#8243; header_text_shadow_style=\u00bbpreset5&#8243; global_colors_info=\u00bb{}\u00bb]<\/p>\n<h2 style=\"text-align: center;\"><strong><span style=\"color: #ffffff;\"><span>Lifting facial endosc\u00f3pico.<\/span><\/span><\/strong><strong><span style=\"color: #ffffff;\"><span><\/span><\/span><\/strong><\/h2>\n<p>[\/et_pb_text][\/et_pb_column_inner][\/et_pb_row_inner][et_pb_row_inner column_structure=\u00bb1_2,1_2&#8243; _builder_version=\u00bb4.17.6&#8243; _module_preset=\u00bbdefault\u00bb background_color=\u00bbrgba(0,0,0,0)\u00bb min_height=\u00bb52.2px\u00bb custom_padding=\u00bb8px|||||\u00bb global_colors_info=\u00bb{}\u00bb][et_pb_column_inner type=\u00bb1_2&#8243; saved_specialty_column_type=\u00bb1_2&#8243; _builder_version=\u00bb4.17.6&#8243; _module_preset=\u00bbdefault\u00bb global_colors_info=\u00bb{}\u00bb][et_pb_button button_url=\u00bb#cont\u00bb button_text=\u00bbQuiero agendar\u00bb button_alignment=\u00bbcenter\u00bb _builder_version=\u00bb4.17.6&#8243; _module_preset=\u00bbdefault\u00bb custom_button=\u00bbon\u00bb button_text_size=\u00bb15px\u00bb button_text_color=\u00bb#FFFFFF\u00bb button_bg_color=\u00bb#000000&#8243; button_border_width=\u00bb2px\u00bb button_border_color=\u00bb#FFFFFF\u00bb button_border_radius=\u00bb11px\u00bb button_font=\u00bb||||||||\u00bb custom_css_main_element=\u00bbwidth:100%;\u00bb global_colors_info=\u00bb{}\u00bb][\/et_pb_button][\/et_pb_column_inner][et_pb_column_inner type=\u00bb1_2&#8243; saved_specialty_column_type=\u00bb1_2&#8243; _builder_version=\u00bb4.17.6&#8243; _module_preset=\u00bbdefault\u00bb global_colors_info=\u00bb{}\u00bb][et_pb_button button_url=\u00bb#info\u00bb button_text=\u00bbSaber m\u00e1s\u00bb button_alignment=\u00bbcenter\u00bb _builder_version=\u00bb4.17.6&#8243; _module_preset=\u00bbdefault\u00bb custom_button=\u00bbon\u00bb button_text_size=\u00bb15px\u00bb button_text_color=\u00bb#FFFFFF\u00bb button_bg_color=\u00bb#000000&#8243; button_border_width=\u00bb2px\u00bb button_border_radius=\u00bb11px\u00bb custom_css_main_element=\u00bbwidth:100%;\u00bb global_colors_info=\u00bb{}\u00bb][\/et_pb_button][\/et_pb_column_inner][\/et_pb_row_inner][\/et_pb_column][\/et_pb_section][et_pb_section fb_built=\u00bb1&#8243; module_id=\u00bbinfo\u00bb _builder_version=\u00bb4.17.6&#8243; _dynamic_attributes=\u00bblink_option_url\u00bb _module_preset=\u00bbdefault\u00bb background_color=\u00bb#000000&#8243; min_height=\u00bb492.4px\u00bb custom_margin=\u00bb||-46px|||\u00bb custom_padding=\u00bb6px|||||\u00bb link_option_url=\u00bb@ET-DC@eyJkeW5hbWljIjp0cnVlLCJjb250ZW50IjoicG9zdF9tZXRhX2tleSIsInNldHRpbmdzIjp7ImJlZm9yZSI6IiIsImFmdGVyIjoiIiwibWV0YV9rZXkiOiIifX0=@\u00bb global_colors_info=\u00bb{}\u00bb][et_pb_row column_structure=\u00bb1_2,1_2&#8243; _builder_version=\u00bb4.17.6&#8243; _module_preset=\u00bbdefault\u00bb global_colors_info=\u00bb{}\u00bb][et_pb_column type=\u00bb1_2&#8243; _builder_version=\u00bb4.17.6&#8243; _module_preset=\u00bbdefault\u00bb global_colors_info=\u00bb{}\u00bb][et_pb_text _builder_version=\u00bb4.17.6&#8243; _module_preset=\u00bbdefault\u00bb text_font=\u00bbArchivo||||||||\u00bb text_font_size=\u00bb18px\u00bb text_letter_spacing=\u00bb2px\u00bb text_line_height=\u00bb1.9em\u00bb custom_margin=\u00bb|128px||||\u00bb custom_padding=\u00bb|||61px||\u00bb global_colors_info=\u00bb{}\u00bb]<\/p>\n<h3 style=\"text-align: center;\"><strong><\/strong><\/h3>\n<h3 style=\"text-align: center;\"><strong><\/strong><\/h3>\n<h3 style=\"text-align: center;\"><strong><\/strong><\/h3>\n<h3 style=\"text-align: center;\"><strong><\/strong><\/h3>\n<h3 style=\"text-align: center;\"><strong><\/strong><\/h3>\n<h3 style=\"text-align: center;\"><strong><\/strong><\/h3>\n<h3 style=\"text-align: center;\"><strong><\/strong><\/h3>\n<h3 style=\"text-align: center;\"><strong><\/strong><\/h3>\n<h3 style=\"text-align: center;\"><strong><\/strong><\/h3>\n<h3 style=\"text-align: center;\"><strong><\/strong><\/h3>\n<h3 style=\"text-align: center;\"><strong><\/strong><\/h3>\n<h3 style=\"text-align: center;\"><strong><\/strong><\/h3>\n<h3 style=\"text-align: center;\"><strong><\/strong><\/h3>\n<h3 style=\"text-align: center;\"><strong><\/strong><\/h3>\n<h3 style=\"text-align: center;\"><strong><\/strong><\/h3>\n<h3 style=\"text-align: center;\"><strong><\/strong><\/h3>\n<h3 style=\"text-align: center;\"><strong><\/strong><\/h3>\n<h3 style=\"text-align: center;\"><strong><\/strong><\/h3>\n<h3 style=\"text-align: center;\"><strong><\/strong><\/h3>\n<h3 style=\"text-align: center;\"><strong>El <span style=\"color: #e09900;\">lifting endosc\u00f3pico<\/span> es una <span style=\"color: #e09900;\">t\u00e9cnica avanzada<\/span> que eleva cejas y frente mediante peque\u00f1as <span style=\"color: #e09900;\">incisiones ocultas<\/span> en el cuero cabelludo, logrando un <span style=\"color: #e09900;\">rejuvenecimiento<\/span> natural con recuperaci\u00f3n m\u00e1s \u00e1gil.<\/strong><\/h3>\n<p>[\/et_pb_text][\/et_pb_column][et_pb_column type=\u00bb1_2&#8243; _builder_version=\u00bb4.17.6&#8243; _module_preset=\u00bbdefault\u00bb global_colors_info=\u00bb{}\u00bb][et_pb_image src=\u00bbhttp:\/\/droctaviogonzalez.com\/wp-content\/uploads\/2026\/02\/1-2.png\u00bb title_text=\u00bb1&#8243; _builder_version=\u00bb4.17.6&#8243; _module_preset=\u00bbdefault\u00bb global_colors_info=\u00bb{}\u00bb][\/et_pb_image][\/et_pb_column][\/et_pb_row][et_pb_row _builder_version=\u00bb4.17.6&#8243; _module_preset=\u00bbdefault\u00bb global_colors_info=\u00bb{}\u00bb][et_pb_column type=\u00bb4_4&#8243; _builder_version=\u00bb4.17.6&#8243; _module_preset=\u00bbdefault\u00bb global_colors_info=\u00bb{}\u00bb][et_pb_text _builder_version=\u00bb4.17.6&#8243; _module_preset=\u00bbdefault\u00bb text_font=\u00bbABeeZee||||||||\u00bb header_font=\u00bbBelleza||||||||\u00bb header_font_size=\u00bb38px\u00bb custom_margin=\u00bb||16px|||\u00bb global_colors_info=\u00bb{}\u00bb]<\/p>\n<h1 style=\"text-align: center;\"><span style=\"color: #e09900;\"><strong>Beneficios visibles<\/strong><\/span><\/h1>\n<p>[\/et_pb_text][\/et_pb_column][\/et_pb_row][et_pb_row column_structure=\u00bb1_5,1_5,1_5,1_5,1_5&#8243; _builder_version=\u00bb4.17.6&#8243; _module_preset=\u00bbdefault\u00bb width=\u00bb72%\u00bb max_width=\u00bb1208px\u00bb global_colors_info=\u00bb{}\u00bb][et_pb_column type=\u00bb1_5&#8243; _builder_version=\u00bb4.17.6&#8243; _module_preset=\u00bbdefault\u00bb global_colors_info=\u00bb{}\u00bb][et_pb_image src=\u00bbhttp:\/\/droctaviogonzalez.com\/wp-content\/uploads\/2026\/02\/4-2.png\u00bb title_text=\u00bb4&#8243; url=\u00bbhttps:\/\/droctaviogonzalez.com\/index.php\/cuerpo-2\/\u00bb align=\u00bbcenter\u00bb _builder_version=\u00bb4.17.6&#8243; _module_preset=\u00bbdefault\u00bb custom_margin=\u00bb||-3px|||\u00bb border_color_all=\u00bb#000000&#8243; global_colors_info=\u00bb{}\u00bb][\/et_pb_image][et_pb_text _builder_version=\u00bb4.17.6&#8243; _module_preset=\u00bbdefault\u00bb text_font=\u00bbMontserrat||||||||\u00bb global_colors_info=\u00bb{}\u00bb]<\/p>\n<h4 style=\"text-align: center;\"><strong>Mirada m\u00e1s fresca y descansada<\/strong><\/h4>\n<p>[\/et_pb_text][\/et_pb_column][et_pb_column type=\u00bb1_5&#8243; _builder_version=\u00bb4.17.6&#8243; _module_preset=\u00bbdefault\u00bb global_colors_info=\u00bb{}\u00bb][et_pb_image src=\u00bbhttp:\/\/droctaviogonzalez.com\/wp-content\/uploads\/2026\/02\/5-1.png\u00bb title_text=\u00bb5&#8243; url=\u00bbhttps:\/\/droctaviogonzalez.com\/index.php\/rostro-2\/\u00bb align=\u00bbcenter\u00bb _builder_version=\u00bb4.17.6&#8243; _module_preset=\u00bbdefault\u00bb custom_margin=\u00bb||-1px|||\u00bb global_colors_info=\u00bb{}\u00bb][\/et_pb_image][et_pb_text _builder_version=\u00bb4.17.6&#8243; _module_preset=\u00bbdefault\u00bb text_font=\u00bbMontserrat||||||||\u00bb global_colors_info=\u00bb{}\u00bb]<\/p>\n<h5 style=\"text-align: center;\"><strong>Incisiones discretas y casi imperceptibles<\/strong><\/h5>\n<p>[\/et_pb_text][\/et_pb_column][et_pb_column type=\u00bb1_5&#8243; _builder_version=\u00bb4.17.6&#8243; _module_preset=\u00bbdefault\u00bb global_colors_info=\u00bb{}\u00bb][et_pb_image src=\u00bbhttp:\/\/droctaviogonzalez.com\/wp-content\/uploads\/2026\/02\/6-1.png\u00bb title_text=\u00bb6&#8243; url=\u00bbhttps:\/\/droctaviogonzalez.com\/index.php\/busto\/\u00bb align=\u00bbcenter\u00bb _builder_version=\u00bb4.17.6&#8243; _module_preset=\u00bbdefault\u00bb custom_margin=\u00bb||-2px|||\u00bb global_colors_info=\u00bb{}\u00bb][\/et_pb_image][et_pb_text _builder_version=\u00bb4.17.6&#8243; _module_preset=\u00bbdefault\u00bb text_font=\u00bbMontserrat||||||||\u00bb global_colors_info=\u00bb{}\u00bb]<\/p>\n<h5 style=\"text-align: center;\"><strong>Recuperaci\u00f3n m\u00e1s r\u00e1pida<\/strong><\/h5>\n<p>[\/et_pb_text][\/et_pb_column][et_pb_column type=\u00bb1_5&#8243; _builder_version=\u00bb4.17.6&#8243; _module_preset=\u00bbdefault\u00bb global_colors_info=\u00bb{}\u00bb][et_pb_image src=\u00bbhttp:\/\/droctaviogonzalez.com\/wp-content\/uploads\/2026\/02\/7-1.png\u00bb title_text=\u00bb7&#8243; url=\u00bbhttps:\/\/droctaviogonzalez.com\/index.php\/cuerpo-2\/\u00bb align=\u00bbcenter\u00bb _builder_version=\u00bb4.17.6&#8243; _module_preset=\u00bbdefault\u00bb custom_margin=\u00bb||-2px|||\u00bb global_colors_info=\u00bb{}\u00bb][\/et_pb_image][et_pb_text _builder_version=\u00bb4.17.6&#8243; _module_preset=\u00bbdefault\u00bb text_font=\u00bbMontserrat||||||||\u00bb global_colors_info=\u00bb{}\u00bb]<\/p>\n<h5 style=\"text-align: center;\">Resultado natural, sin aspecto estirado<\/h5>\n<p>[\/et_pb_text][\/et_pb_column][et_pb_column type=\u00bb1_5&#8243; _builder_version=\u00bb4.17.6&#8243; _module_preset=\u00bbdefault\u00bb background_image=\u00bbhttp:\/\/droctaviogonzalez.com\/wp-content\/uploads\/2026\/01\/aa.png\u00bb link_option_url=\u00bbhttps:\/\/droctaviogonzalez.com\/rostro-2\/\u00bb global_colors_info=\u00bb{}\u00bb][et_pb_image src=\u00bbhttp:\/\/droctaviogonzalez.com\/wp-content\/uploads\/2026\/02\/8-1.png\u00bb title_text=\u00bb8&#8243; _builder_version=\u00bb4.17.6&#8243; _module_preset=\u00bbdefault\u00bb background_color=\u00bb#000000&#8243; custom_margin=\u00bb||-1px|||\u00bb global_colors_info=\u00bb{}\u00bb][\/et_pb_image][et_pb_text _builder_version=\u00bb4.17.6&#8243; _module_preset=\u00bbdefault\u00bb text_font=\u00bbMontserrat||||||||\u00bb background_color=\u00bb#000000&#8243; global_colors_info=\u00bb{}\u00bb]<\/p>\n<h5 style=\"text-align: center;\">Duraci\u00f3n prolongada<\/h5>\n<p>[\/et_pb_text][\/et_pb_column][\/et_pb_row][\/et_pb_section][et_pb_section fb_built=\u00bb1&#8243; _builder_version=\u00bb4.17.6&#8243; _module_preset=\u00bbdefault\u00bb min_height=\u00bb896.3px\u00bb custom_margin=\u00bb||-30px|||\u00bb custom_padding=\u00bb||77px|||\u00bb global_colors_info=\u00bb{}\u00bb][et_pb_row column_structure=\u00bb1_2,1_2&#8243; _builder_version=\u00bb4.17.6&#8243; _module_preset=\u00bbdefault\u00bb custom_margin=\u00bb-24px|auto||auto||\u00bb global_colors_info=\u00bb{}\u00bb][et_pb_column type=\u00bb1_2&#8243; _builder_version=\u00bb4.17.6&#8243; _module_preset=\u00bbdefault\u00bb global_colors_info=\u00bb{}\u00bb][et_pb_text _builder_version=\u00bb4.17.6&#8243; _module_preset=\u00bbdefault\u00bb text_font=\u00bbABeeZee||||||||\u00bb text_text_color=\u00bb#000000&#8243; header_font=\u00bbBelleza||||||||\u00bb header_font_size=\u00bb38px\u00bb custom_margin=\u00bb70px||0px|||\u00bb global_colors_info=\u00bb{}\u00bb]<\/p>\n<h1 style=\"text-align: center;\">DR. OCTAVIO GONZ\u00c1LEZ<\/h1>\n<p>[\/et_pb_text][et_pb_text _builder_version=\u00bb4.17.6&#8243; _module_preset=\u00bbdefault\u00bb text_font=\u00bbMontserrat||||||||\u00bb text_font_size=\u00bb20px\u00bb global_colors_info=\u00bb{}\u00bb]<\/p>\n<p style=\"text-align: center;\"><span style=\"color: #000000;\">PLASTIC SURGEON<\/span><\/p>\n<p>[\/et_pb_text][et_pb_text _builder_version=\u00bb4.17.6&#8243; _module_preset=\u00bbdefault\u00bb text_font=\u00bbMontserrat||||||||\u00bb text_font_size=\u00bb20px\u00bb global_colors_info=\u00bb{}\u00bb]<\/p>\n<p style=\"text-align: center;\">Octavio Gonz\u00e1lez Galindo, (C\u00e9d. Prof. 3654466 | CMCPER 1537 | UNAM 6384242) esposo, padre y amante del arte. Es uno de los cirujanos pl\u00e1sticos m\u00e1s reconocidos de M\u00e9xico, egresado de la Facultad de Medicina de la Universidad Aut\u00f3noma de Nuevo Le\u00f3n y miembro activo del Consejo Mexicano de Cirug\u00eda Pl\u00e1stica, Est\u00e9tica y Reconstructiva.<\/p>\n<p>[\/et_pb_text][et_pb_button button_url=\u00bb@ET-DC@eyJkeW5hbWljIjp0cnVlLCJjb250ZW50IjoicG9zdF9saW5rX3VybF9wYWdlIiwic2V0dGluZ3MiOnsicG9zdF9pZCI6IjUyIn19@\u00bb button_text=\u00bbCONOC\u00c9 AL DR. OCTAVIO GONZ\u00c1LEZ\u00bb button_alignment=\u00bbcenter\u00bb _builder_version=\u00bb4.17.6&#8243; _dynamic_attributes=\u00bbbutton_url\u00bb _module_preset=\u00bbdefault\u00bb custom_button=\u00bbon\u00bb button_text_size=\u00bb15px\u00bb button_text_color=\u00bb#FFFFFF\u00bb button_bg_color=\u00bb#000000&#8243; button_border_width=\u00bb3px\u00bb button_border_color=\u00bb#0a0700&#8243; button_border_radius=\u00bb11px\u00bb custom_css_main_element=\u00bbwidth:70%;\u00bb global_colors_info=\u00bb{}\u00bb][\/et_pb_button][\/et_pb_column][et_pb_column type=\u00bb1_2&#8243; _builder_version=\u00bb4.17.6&#8243; _module_preset=\u00bbdefault\u00bb global_colors_info=\u00bb{}\u00bb][et_pb_image src=\u00bbhttp:\/\/droctaviogonzalez.com\/wp-content\/uploads\/2026\/01\/Dr-Octavio-3-scaled.jpg\u00bb title_text=\u00bbDr Octavio 3&#8243; align=\u00bbcenter\u00bb _builder_version=\u00bb4.17.6&#8243; _module_preset=\u00bbdefault\u00bb width=\u00bb81%\u00bb min_height=\u00bb584.9px\u00bb custom_margin=\u00bb7px||-57px|||\u00bb custom_padding=\u00bb||0px|||\u00bb border_width_all=\u00bb4px\u00bb border_color_all=\u00bb#000000&#8243; global_colors_info=\u00bb{}\u00bb][\/et_pb_image][\/et_pb_column][\/et_pb_row][et_pb_row column_structure=\u00bb1_2,1_2&#8243; _builder_version=\u00bb4.17.6&#8243; _module_preset=\u00bbdefault\u00bb custom_padding=\u00bb26px|||||\u00bb global_colors_info=\u00bb{}\u00bb][et_pb_column type=\u00bb1_2&#8243; _builder_version=\u00bb4.17.6&#8243; _module_preset=\u00bbdefault\u00bb global_colors_info=\u00bb{}\u00bb][et_pb_text _builder_version=\u00bb4.17.6&#8243; _module_preset=\u00bbdefault\u00bb global_colors_info=\u00bb{}\u00bb]<\/p>\n<h2 data-start=\"256\" data-end=\"292\" style=\"text-align: center;\"><strong data-start=\"256\" data-end=\"292\">Resultados de nuestras pacientes<\/strong><\/h2>\n<p data-start=\"1468\" data-end=\"1701\"><strong>Los siguientes casos muestran resultados reales de lifting facial endosc\u00f3pico, una t\u00e9cnica avanzada de cirug\u00eda pl\u00e1stica facial que permite rejuvenecer la frente y la mirada mediante incisiones discretas y recuperaci\u00f3n m\u00e1s r\u00e1pida.<\/strong><\/p>\n<p data-start=\"1703\" data-end=\"1852\"><strong>El objetivo del lifting facial es lograr un rostro m\u00e1s fresco y descansado sin aspecto estirado, manteniendo siempre la naturalidad y armon\u00eda facial.<\/strong><\/p>\n<p data-start=\"1854\" data-end=\"1950\"><strong>Cada procedimiento es personalizado para ofrecer resultados seguros, proporcionales y duraderos.<\/strong><\/p>\n<p>[\/et_pb_text][\/et_pb_column][et_pb_column type=\u00bb1_2&#8243; _builder_version=\u00bb4.17.6&#8243; _module_preset=\u00bbdefault\u00bb global_colors_info=\u00bb{}\u00bb][et_pb_button button_url=\u00bbhttps:\/\/droctaviogonzalez.com\/facelift\/\u00bb button_text=\u00bbVer transformaciones reales\u00bb button_alignment=\u00bbcenter\u00bb _builder_version=\u00bb4.17.6&#8243; _module_preset=\u00bbdefault\u00bb custom_button=\u00bbon\u00bb button_text_size=\u00bb22px\u00bb button_text_color=\u00bb#E09900&#8243; button_bg_color=\u00bb#D6D6D6&#8243; button_border_width=\u00bb2px\u00bb button_border_color=\u00bb#E09900&#8243; button_border_radius=\u00bb19px\u00bb transform_scale=\u00bb108%|108%\u00bb custom_margin=\u00bb87px||87px||true|false\u00bb custom_padding=\u00bb28px||21px|||\u00bb filter_saturate=\u00bb113%\u00bb button_text_shadow_style=\u00bbpreset5&#8243; global_colors_info=\u00bb{}\u00bb][\/et_pb_button][\/et_pb_column][\/et_pb_row][\/et_pb_section][et_pb_section fb_built=\u00bb1&#8243; _builder_version=\u00bb4.17.6&#8243; _module_preset=\u00bbdefault\u00bb background_color=\u00bb#ffd2aa\u00bb background_image=\u00bbhttp:\/\/droctaviogonzalez.com\/wp-content\/uploads\/2026\/01\/IMG_1029-scaled.jpg\u00bb global_colors_info=\u00bb{}\u00bb][et_pb_row column_structure=\u00bb1_2,1_2&#8243; _builder_version=\u00bb4.17.6&#8243; _module_preset=\u00bbdefault\u00bb global_colors_info=\u00bb{}\u00bb][et_pb_column type=\u00bb1_2&#8243; _builder_version=\u00bb4.17.6&#8243; _module_preset=\u00bbdefault\u00bb global_colors_info=\u00bb{}\u00bb][et_pb_image src=\u00bbhttp:\/\/droctaviogonzalez.com\/wp-content\/uploads\/2026\/01\/kk.png\u00bb title_text=\u00bbkk\u00bb _builder_version=\u00bb4.17.6&#8243; _module_preset=\u00bbdefault\u00bb border_width_all=\u00bb7px\u00bb border_color_all=\u00bb#FFFFFF\u00bb global_colors_info=\u00bb{}\u00bb][\/et_pb_image][\/et_pb_column][et_pb_column type=\u00bb1_2&#8243; _builder_version=\u00bb4.17.6&#8243; _module_preset=\u00bbdefault\u00bb global_colors_info=\u00bb{}\u00bb][et_pb_text _builder_version=\u00bb4.17.6&#8243; _module_preset=\u00bbdefault\u00bb text_font=\u00bbBelleza||||||||\u00bb text_line_height=\u00bb1.3em\u00bb header_font_size=\u00bb38px\u00bb background_color=\u00bbrgba(0,0,0,0.35)\u00bb min_height=\u00bb74px\u00bb custom_margin=\u00bb158px|-411px|0px|0px|false|false\u00bb custom_padding=\u00bb41px|5px|12px|22px|false|false\u00bb header_text_shadow_style=\u00bbpreset5&#8243; global_colors_info=\u00bb{}\u00bb]<\/p>\n<h2 style=\"text-align: center; text-transform: uppercase;\"><strong><span style=\"color: #ffffff;\">A\u00farea: <\/span><span style=\"color: #ffffff;\">La cl\u00ednica<\/span><\/strong><\/h2>\n<h2 style=\"text-align: center; text-transform: uppercase;\"><strong><span style=\"color: #ffffff;\"> de cirug\u00eda pl\u00e1stica que mereces<\/span><\/strong><\/h2>\n<p><strong><span style=\"color: #ffffff;\"><\/span><\/strong><\/p>\n<h3 style=\"text-align: justify;\"><strong><span style=\"color: #ffffff;\">\u00c1urea is a high level clinic, leader in plastic surgery in the country. Was founded by Dr. Octavio Gonz\u00e1lez in 2014, it is sustained by highly instructed staff dedicated to the health care and well-being.<br \/>The clinic has state-of-the-art equipment and complies with all the sanitary certifications that guarantee the safety and tranquility of the patient.<\/span><\/strong><\/h3>\n<p><strong><span style=\"color: #ffffff;\"><\/span><\/strong><\/p>\n<p><strong><span style=\"color: #ffffff;\"><\/span><\/strong><\/p>\n<p><strong><span style=\"color: #ffffff;\"><\/span><\/strong><\/p>\n<p>[\/et_pb_text][\/et_pb_column][\/et_pb_row][\/et_pb_section][et_pb_section fb_built=\u00bb1&#8243; module_id=\u00bbcont\u00bb _builder_version=\u00bb4.17.6&#8243; _module_preset=\u00bbdefault\u00bb background_color=\u00bb#000000&#8243; min_height=\u00bb74.8px\u00bb custom_margin=\u00bb||4px|||\u00bb custom_padding=\u00bb0px|||||\u00bb global_module=\u00bb165&#8243; saved_tabs=\u00bball\u00bb global_colors_info=\u00bb{}\u00bb][\/et_pb_section]<\/p>","protected":false},"excerpt":{"rendered":"<p>Rejuvenecimiento facial profundo.T\u00e9cnica avanzada que restaura la firmeza y juventud del rostro respetando tu expresi\u00f3n natural. Lifting facial endosc\u00f3pico. El lifting endosc\u00f3pico es una t\u00e9cnica avanzada que eleva cejas y frente mediante peque\u00f1as incisiones ocultas en el cuero cabelludo, logrando un rejuvenecimiento natural con recuperaci\u00f3n m\u00e1s \u00e1gil.Beneficios visiblesMirada m\u00e1s fresca y descansadaIncisiones discretas y casi [&hellip;]<\/p>","protected":false},"author":1,"featured_media":0,"parent":0,"menu_order":0,"comment_status":"closed","ping_status":"closed","template":"","meta":{"_et_pb_use_builder":"on","_et_pb_old_content":"","_et_gb_content_width":"","_monsterinsights_skip_tracking":false,"_monsterinsights_sitenote_active":false,"_monsterinsights_sitenote_note":"","_monsterinsights_sitenote_category":0},"_links":{"self":[{"href":"https:\/\/droctaviogonzalez.com\/en\/wp-json\/wp\/v2\/pages\/826"}],"collection":[{"href":"https:\/\/droctaviogonzalez.com\/en\/wp-json\/wp\/v2\/pages"}],"about":[{"href":"https:\/\/droctaviogonzalez.com\/en\/wp-json\/wp\/v2\/types\/page"}],"author":[{"embeddable":true,"href":"https:\/\/droctaviogonzalez.com\/en\/wp-json\/wp\/v2\/users\/1"}],"replies":[{"embeddable":true,"href":"https:\/\/droctaviogonzalez.com\/en\/wp-json\/wp\/v2\/comments?post=826"}],"version-history":[{"count":17,"href":"https:\/\/droctaviogonzalez.com\/en\/wp-json\/wp\/v2\/pages\/826\/revisions"}],"predecessor-version":[{"id":1271,"href":"https:\/\/droctaviogonzalez.com\/en\/wp-json\/wp\/v2\/pages\/826\/revisions\/1271"}],"wp:attachment":[{"href":"https:\/\/droctaviogonzalez.com\/en\/wp-json\/wp\/v2\/media?parent=826"}],"curies":[{"name":"wp","href":"https:\/\/api.w.org\/{rel}","templated":true}]}}