{"id":80,"date":"2022-08-02T03:53:06","date_gmt":"2022-08-02T03:53:06","guid":{"rendered":"https:\/\/droctaviogonzalez.com\/?page_id=80"},"modified":"2026-03-23T21:06:38","modified_gmt":"2026-03-23T21:06:38","slug":"busto","status":"publish","type":"page","link":"https:\/\/droctaviogonzalez.com\/en\/busto\/","title":{"rendered":"Breast"},"content":{"rendered":"<p>[et_pb_section fb_built=\u00bb1&#8243; specialty=\u00bbon\u00bb _builder_version=\u00bb4.17.6&#8243; _module_preset=\u00bbdefault\u00bb background_image=\u00bbhttp:\/\/droctaviogonzalez.com\/wp-content\/uploads\/2026\/03\/FONDO-B.png\u00bb custom_margin=\u00bb||-2px|||\u00bb custom_padding=\u00bb||218px|||\u00bb hover_enabled=\u00bb0&#8243; background_last_edited=\u00bboff|desktop\u00bb background_enable_color_phone=\u00bboff\u00bb background_blend_phone=\u00bbnormal\u00bb background_enable_mask_style_phone=\u00bboff\u00bb global_colors_info=\u00bb{}\u00bb custom_css_main_element_last_edited=\u00bbon|phone\u00bb custom_css_main_element_tablet=\u00bbheight:80vh;\u00bb custom_css_main_element_phone=\u00bbheight:80vh;\u00bb title_text=\u00bbFONDO B\u00bb sticky_enabled=\u00bb0&#8243;][et_pb_column type=\u00bb1_2&#8243; _builder_version=\u00bb4.16&#8243; custom_padding=\u00bb|||\u00bb global_colors_info=\u00bb{}\u00bb custom_padding__hover=\u00bb|||\u00bb][et_pb_text _builder_version=\u00bb4.17.6&#8243; _module_preset=\u00bbdefault\u00bb hover_enabled=\u00bb0&#8243; sticky_enabled=\u00bb0&#8243; text_font_size=\u00bb58px\u00bb text_font=\u00bbNoto Serif JP||||||||\u00bb text_text_color=\u00bb#FFFFFF\u00bb text_orientation=\u00bbcenter\u00bb custom_margin=\u00bb145px|||||\u00bb]<\/p>\n<p>BREAST<\/p>\n<p>[\/et_pb_text][\/et_pb_column][et_pb_column type=\u00bb1_2&#8243; specialty_columns=\u00bb2&#8243; _builder_version=\u00bb4.16&#8243; custom_padding=\u00bb|||\u00bb global_colors_info=\u00bb{}\u00bb custom_padding__hover=\u00bb|||\u00bb][et_pb_row_inner _builder_version=\u00bb4.17.6&#8243; _module_preset=\u00bbdefault\u00bb global_colors_info=\u00bb{}\u00bb][et_pb_column_inner saved_specialty_column_type=\u00bb1_2&#8243; _builder_version=\u00bb4.17.6&#8243; _module_preset=\u00bbdefault\u00bb global_colors_info=\u00bb{}\u00bb][et_pb_divider show_divider=\u00bboff\u00bb _builder_version=\u00bb4.17.6&#8243; _module_preset=\u00bbdefault\u00bb height=\u00bb80px\u00bb height_tablet=\u00bb80px\u00bb height_phone=\u00bb80px\u00bb height_last_edited=\u00bbon|phone\u00bb custom_padding=\u00bb0px||0px|||\u00bb global_colors_info=\u00bb{}\u00bb][\/et_pb_divider][\/et_pb_column_inner][\/et_pb_row_inner][\/et_pb_column][\/et_pb_section][et_pb_section fb_built=\u00bb1&#8243; _builder_version=\u00bb4.17.6&#8243; _module_preset=\u00bbdefault\u00bb background_enable_color=\u00bboff\u00bb hover_enabled=\u00bb0&#8243; global_colors_info=\u00bb{}\u00bb title_text=\u00bbFONDO CLAQRO 2&#8243; background_image=\u00bbhttp:\/\/droctaviogonzalez.com\/wp-content\/uploads\/2026\/03\/FONDO-CLAQRO-2.png\u00bb sticky_enabled=\u00bb0&#8243;][et_pb_row column_structure=\u00bb1_2,1_2&#8243; _builder_version=\u00bb4.17.6&#8243; _module_preset=\u00bbdefault\u00bb global_colors_info=\u00bb{}\u00bb][et_pb_column type=\u00bb1_2&#8243; _builder_version=\u00bb4.17.6&#8243; _module_preset=\u00bbdefault\u00bb custom_padding=\u00bb||||false|false\u00bb global_colors_info=\u00bb{}\u00bb][et_pb_image src=\u00bbhttp:\/\/droctaviogonzalez.com\/wp-content\/uploads\/2026\/03\/im-b.png\u00bb title_text=\u00bbim b\u00bb _builder_version=\u00bb4.17.6&#8243; _module_preset=\u00bbdefault\u00bb hover_enabled=\u00bb0&#8243; global_colors_info=\u00bb{}\u00bb custom_padding=\u00bb||24px|||\u00bb sticky_enabled=\u00bb0&#8243;][\/et_pb_image][\/et_pb_column][et_pb_column type=\u00bb1_2&#8243; _builder_version=\u00bb4.17.6&#8243; _module_preset=\u00bbdefault\u00bb global_colors_info=\u00bb{}\u00bb][et_pb_divider show_divider=\u00bboff\u00bb _builder_version=\u00bb4.17.6&#8243; _module_preset=\u00bbdefault\u00bb height=\u00bb80px\u00bb height_tablet=\u00bb80px\u00bb height_phone=\u00bb80px\u00bb height_last_edited=\u00bbon|phone\u00bb custom_padding=\u00bb56px||13px|||\u00bb global_colors_info=\u00bb{}\u00bb][\/et_pb_divider][et_pb_text _builder_version=\u00bb4.17.6&#8243; _module_preset=\u00bbdefault\u00bb text_font=\u00bbNoto Serif JP|||on|||||\u00bb text_font_size=\u00bb28px\u00bb header_text_color=\u00bb#000000&#8243; hover_enabled=\u00bb0&#8243; global_colors_info=\u00bb{}\u00bb text_letter_spacing=\u00bb4px\u00bb sticky_enabled=\u00bb0&#8243; custom_margin=\u00bb||13px|||\u00bb]<\/p>\n<p style=\"text-align: center;\"><span style=\"color: #000000;\">What does it consist of?<\/span><\/p>\n<p>[\/et_pb_text][et_pb_text _builder_version=\u00bb4.17.6&#8243; _module_preset=\u00bbdefault\u00bb text_font=\u00bbMontserrat|||on|||||\u00bb text_font_size=\u00bb13px\u00bb custom_margin=\u00bb-1px||||false|false\u00bb hover_enabled=\u00bb0&#8243; global_colors_info=\u00bb{}\u00bb text_letter_spacing=\u00bb1px\u00bb text_text_color=\u00bb#000000&#8243; sticky_enabled=\u00bb0&#8243;]<\/p>\n<p style=\"text-align: center;\">There are different types of breast surgeries depending on the needs of each patient, from augmentation, reduction, lift and reconstruction.<\/p>\n<p>[\/et_pb_text][et_pb_button button_text=\u00bbAGENDAR VALORACI\u00d3N\u00bb button_alignment=\u00bbcenter\u00bb _builder_version=\u00bb4.17.6&#8243; _module_preset=\u00bbdefault\u00bb custom_button=\u00bbon\u00bb button_text_size=\u00bb15px\u00bb button_text_color=\u00bb#FFFFFF\u00bb button_bg_color=\u00bb#000000&#8243; button_border_width=\u00bb2px\u00bb button_border_color=\u00bb#FFFFFF\u00bb button_border_radius=\u00bb11px\u00bb hover_enabled=\u00bb0&#8243; custom_css_main_element=\u00bbwidth:70%;\u00bb global_colors_info=\u00bb{}\u00bb sticky_enabled=\u00bb0&#8243;][\/et_pb_button][\/et_pb_column][\/et_pb_row][et_pb_row column_structure=\u00bb1_2,1_2&#8243; _builder_version=\u00bb4.17.6&#8243; _module_preset=\u00bbdefault\u00bb hover_enabled=\u00bb0&#8243; global_colors_info=\u00bb{}\u00bb sticky_enabled=\u00bb0&#8243;][et_pb_column type=\u00bb1_2&#8243; _builder_version=\u00bb4.17.6&#8243; _module_preset=\u00bbdefault\u00bb global_colors_info=\u00bb{}\u00bb][et_pb_button button_url=\u00bbmailto:Info@aureacirugiaplastica.com?subject=Informaci\u00f3n%20sobre%20aumento%20de%20busto&#038;body=Hola,%20quiero%20informaci\u00f3n%20sobre%20aumento%20de%20busto.\u00bb button_text=\u00bbEnv\u00eda correo para mas informaci\u00f3n\u00bb _builder_version=\u00bb4.17.6&#8243; _module_preset=\u00bbdefault\u00bb custom_button=\u00bbon\u00bb button_text_color=\u00bb#000000&#8243; hover_enabled=\u00bb0&#8243; global_colors_info=\u00bb{}\u00bb button_alignment=\u00bbcenter\u00bb sticky_enabled=\u00bb0&#8243;][\/et_pb_button][\/et_pb_column][et_pb_column type=\u00bb1_2&#8243; _builder_version=\u00bb4.17.6&#8243; _module_preset=\u00bbdefault\u00bb global_colors_info=\u00bb{}\u00bb][et_pb_button button_url=\u00bbmailto:Info@aureacirugiaplastica.com?subject=Informaci\u00f3n%20sobre%20aumento%20de%20busto&#038;body=Hola,%20quiero%20informaci\u00f3n%20sobre%20aumento%20de%20busto.\u00bb button_text=\u00bbEnv\u00eda WhatsApp para mas informaci\u00f3n\u00bb _builder_version=\u00bb4.17.6&#8243; _module_preset=\u00bbdefault\u00bb custom_button=\u00bbon\u00bb button_text_color=\u00bb#000000&#8243; hover_enabled=\u00bb0&#8243; global_colors_info=\u00bb{}\u00bb button_alignment=\u00bbcenter\u00bb sticky_enabled=\u00bb0&#8243;][\/et_pb_button][\/et_pb_column][\/et_pb_row][\/et_pb_section][et_pb_section fb_built=\u00bb1&#8243; _builder_version=\u00bb4.17.6&#8243; _module_preset=\u00bbdefault\u00bb background_color=\u00bb#1b171b\u00bb hover_enabled=\u00bb0&#8243; global_colors_info=\u00bb{}\u00bb title_text=\u00bbKK\u00bb background_image=\u00bbhttp:\/\/droctaviogonzalez.com\/wp-content\/uploads\/2026\/03\/KK.png\u00bb sticky_enabled=\u00bb0&#8243;][et_pb_row column_structure=\u00bb1_3,1_3,1_3&#8243; _builder_version=\u00bb4.17.6&#8243; _module_preset=\u00bbdefault\u00bb hover_enabled=\u00bb0&#8243; global_colors_info=\u00bb{}\u00bb sticky_enabled=\u00bb0&#8243;][et_pb_column type=\u00bb1_3&#8243; _builder_version=\u00bb4.17.6&#8243; _module_preset=\u00bbdefault\u00bb global_colors_info=\u00bb{}\u00bb][et_pb_text _builder_version=\u00bb4.17.6&#8243; _module_preset=\u00bbdefault\u00bb text_font=\u00bbBelleza||||||||\u00bb text_text_color=\u00bb#c09c53&#8243; header_text_color=\u00bb#c09c53&#8243; custom_margin=\u00bb||16px|||\u00bb custom_css_main_element=\u00bbheight:50px;\u00bb text_text_shadow_style=\u00bbpreset1&#8243; global_colors_info=\u00bb{}\u00bb]<\/p>\n<h1 style=\"text-align: center;\"><span style=\"color: #ffffff;\">BREAST AUGMENTATION<\/span><\/h1>\n<p>[\/et_pb_text][et_pb_button button_url=\u00bbhttp:\/\/droctaviogonzalez.com\/wp-content\/uploads\/2024\/06\/BUSTO.pdf\u00bb url_new_window=\u00bbon\u00bb button_text=\u00bbM\u00e1s informaci\u00f3n\u00bb button_alignment=\u00bbcenter\u00bb _builder_version=\u00bb4.17.6&#8243; _module_preset=\u00bbdefault\u00bb custom_button=\u00bbon\u00bb button_text_size=\u00bb15px\u00bb button_text_color=\u00bb#FFFFFF\u00bb button_bg_color=\u00bb#000000&#8243; button_border_width=\u00bb2px\u00bb button_border_color=\u00bb#FFFFFF\u00bb button_border_radius=\u00bb11px\u00bb global_colors_info=\u00bb{}\u00bb][\/et_pb_button][\/et_pb_column][et_pb_column type=\u00bb1_3&#8243; _builder_version=\u00bb4.17.6&#8243; _module_preset=\u00bbdefault\u00bb global_colors_info=\u00bb{}\u00bb][et_pb_text _builder_version=\u00bb4.17.6&#8243; _module_preset=\u00bbdefault\u00bb text_font=\u00bbBelleza||||||||\u00bb text_text_color=\u00bb#c09c53&#8243; header_text_color=\u00bb#c09c53&#8243; custom_margin=\u00bb||16px|||\u00bb custom_css_main_element=\u00bbheight:50px;\u00bb text_text_shadow_style=\u00bbpreset1&#8243; global_colors_info=\u00bb{}\u00bb]<\/p>\n<h1 style=\"text-align: center;\"><span style=\"color: #ffffff;\">BUST LIFT<\/span><\/h1>\n<p>[\/et_pb_text][et_pb_button button_url=\u00bbhttp:\/\/droctaviogonzalez.com\/wp-content\/uploads\/2024\/06\/LEVANTAMIENTO-DE-BUSTO-C.pdf\u00bb url_new_window=\u00bbon\u00bb button_text=\u00bbM\u00e1s informaci\u00f3n\u00bb button_alignment=\u00bbcenter\u00bb _builder_version=\u00bb4.17.6&#8243; _module_preset=\u00bbdefault\u00bb custom_button=\u00bbon\u00bb button_text_size=\u00bb15px\u00bb button_text_color=\u00bb#FFFFFF\u00bb button_bg_color=\u00bb#000000&#8243; button_border_width=\u00bb2px\u00bb button_border_color=\u00bb#FFFFFF\u00bb button_border_radius=\u00bb11px\u00bb global_colors_info=\u00bb{}\u00bb][\/et_pb_button][\/et_pb_column][et_pb_column type=\u00bb1_3&#8243; _builder_version=\u00bb4.17.6&#8243; _module_preset=\u00bbdefault\u00bb global_colors_info=\u00bb{}\u00bb][et_pb_text _builder_version=\u00bb4.17.6&#8243; _module_preset=\u00bbdefault\u00bb text_font=\u00bbMontserrat||||||||\u00bb text_font_size=\u00bb16px\u00bb custom_margin=\u00bb-20px||||false|false\u00bb global_colors_info=\u00bb{}\u00bb]<\/p>\n<p class=\"p1\" style=\"text-align: center;\"><span style=\"color: #4c4c4c;\">COFEPRIS &#8211; 2413012002A00035<\/span><\/p>\n<p class=\"p1\" style=\"text-align: center;\"><span style=\"color: #4c4c4c;\">Dr. Octavio Gonz\u00e1lez | C\u00e9d. Prof. 3654466 | CMCPER 1537 |<\/span><\/p>\n<p class=\"p1\" style=\"text-align: center;\"><span style=\"color: #4c4c4c;\">UNAM 6384242<\/span><\/p>\n<p>[\/et_pb_text][\/et_pb_column][\/et_pb_row][\/et_pb_section]<\/p>","protected":false},"excerpt":{"rendered":"<p>BUSTO\u00bfEn que consiste?Existen diversos tipos de cirug\u00edas para el busto dependiendo de cuales sean las necesidades de cada paciente, desde el aumento, reducci\u00f3n, levantamiento y reconstrucci\u00f3n.AUMENTO DE BUSTOLEVANTAMIENTO DE BUSTOCOFEPRIS &#8211; 2413012002A00035 Dr. Octavio Gonz\u00e1lez | C\u00e9d. Prof. 3654466 | CMCPER 1537 | UNAM 6384242<\/p>","protected":false},"author":1,"featured_media":0,"parent":0,"menu_order":0,"comment_status":"closed","ping_status":"closed","template":"","meta":{"_et_pb_use_builder":"on","_et_pb_old_content":"","_et_gb_content_width":"","_monsterinsights_skip_tracking":false,"_monsterinsights_sitenote_active":false,"_monsterinsights_sitenote_note":"","_monsterinsights_sitenote_category":0},"_links":{"self":[{"href":"https:\/\/droctaviogonzalez.com\/en\/wp-json\/wp\/v2\/pages\/80"}],"collection":[{"href":"https:\/\/droctaviogonzalez.com\/en\/wp-json\/wp\/v2\/pages"}],"about":[{"href":"https:\/\/droctaviogonzalez.com\/en\/wp-json\/wp\/v2\/types\/page"}],"author":[{"embeddable":true,"href":"https:\/\/droctaviogonzalez.com\/en\/wp-json\/wp\/v2\/users\/1"}],"replies":[{"embeddable":true,"href":"https:\/\/droctaviogonzalez.com\/en\/wp-json\/wp\/v2\/comments?post=80"}],"version-history":[{"count":19,"href":"https:\/\/droctaviogonzalez.com\/en\/wp-json\/wp\/v2\/pages\/80\/revisions"}],"predecessor-version":[{"id":1335,"href":"https:\/\/droctaviogonzalez.com\/en\/wp-json\/wp\/v2\/pages\/80\/revisions\/1335"}],"wp:attachment":[{"href":"https:\/\/droctaviogonzalez.com\/en\/wp-json\/wp\/v2\/media?parent=80"}],"curies":[{"name":"wp","href":"https:\/\/api.w.org\/{rel}","templated":true}]}}