{"id":560,"date":"2026-02-05T18:48:20","date_gmt":"2026-02-05T18:48:20","guid":{"rendered":"https:\/\/droctaviogonzalez.com\/?page_id=560"},"modified":"2026-03-23T20:15:50","modified_gmt":"2026-03-23T20:15:50","slug":"testimonios","status":"publish","type":"page","link":"https:\/\/droctaviogonzalez.com\/en\/testimonios\/","title":{"rendered":"Testimonios"},"content":{"rendered":"<p>[et_pb_section fb_built=\u00bb1&#8243; specialty=\u00bbon\u00bb _builder_version=\u00bb4.17.6&#8243; _module_preset=\u00bbdefault\u00bb background_image=\u00bbhttp:\/\/droctaviogonzalez.com\/wp-content\/uploads\/2026\/02\/fondo-e.png\u00bb custom_padding=\u00bb120px||160px|||\u00bb global_colors_info=\u00bb{}\u00bb][et_pb_column type=\u00bb1_2&#8243; specialty_columns=\u00bb2&#8243; _builder_version=\u00bb4.16&#8243; custom_padding=\u00bb|||\u00bb global_colors_info=\u00bb{}\u00bb custom_padding__hover=\u00bb|||\u00bb][et_pb_row_inner _builder_version=\u00bb4.17.6&#8243; _module_preset=\u00bbdefault\u00bb global_colors_info=\u00bb{}\u00bb][et_pb_column_inner saved_specialty_column_type=\u00bb1_2&#8243; _builder_version=\u00bb4.17.6&#8243; _module_preset=\u00bbdefault\u00bb global_colors_info=\u00bb{}\u00bb][et_pb_text _builder_version=\u00bb4.17.6&#8243; _module_preset=\u00bbdefault\u00bb text_font=\u00bbBelleza||||||||\u00bb header_font_size=\u00bb52px\u00bb custom_margin=\u00bb||16px|||\u00bb global_colors_info=\u00bb{}\u00bb]<\/p>\n<h1><span style=\"color: #ffffff;\">TESTIMONIOS<\/span><\/h1>\n<p>[\/et_pb_text][et_pb_text _builder_version=\u00bb4.17.6&#8243; _module_preset=\u00bbdefault\u00bb text_font=\u00bbMontserrat||||||||\u00bb global_colors_info=\u00bb{}\u00bb]<\/p>\n<p data-start=\"204\" data-end=\"548\"><span style=\"color: #ffffff;\">Cada historia que compartimos aqu\u00ed refleja la experiencia aut\u00e9ntica de nuestros pacientes. Desde la primera consulta hasta su recuperaci\u00f3n, sus palabras hablan de confianza, acompa\u00f1amiento m\u00e9dico y resultados que van m\u00e1s all\u00e1 de lo est\u00e9tico.<\/span><br data-start=\"445\" data-end=\"448\" \/><span style=\"color: #ffffff;\">Conoce c\u00f3mo cada procedimiento ha impactado positivamente su seguridad, bienestar y calidad de vida.<\/span><\/p>\n<p data-start=\"550\" data-end=\"629\"><span style=\"color: #ffffff;\">Porque no hay mejor referencia que la voz de quienes ya vivieron el proceso.<\/span><\/p>\n<p>[\/et_pb_text][\/et_pb_column_inner][\/et_pb_row_inner][et_pb_row_inner column_structure=\u00bb1_2,1_2&#8243; _builder_version=\u00bb4.17.6&#8243; _module_preset=\u00bbdefault\u00bb custom_padding=\u00bb3px|||||\u00bb global_colors_info=\u00bb{}\u00bb][et_pb_column_inner type=\u00bb1_2&#8243; saved_specialty_column_type=\u00bb1_2&#8243; _builder_version=\u00bb4.17.6&#8243; _module_preset=\u00bbdefault\u00bb global_colors_info=\u00bb{}\u00bb][et_pb_button button_url=\u00bb#cont\u00bb button_text=\u00bbQuiero agendar\u00bb button_alignment=\u00bbcenter\u00bb _builder_version=\u00bb4.17.6&#8243; _module_preset=\u00bbdefault\u00bb custom_button=\u00bbon\u00bb button_text_size=\u00bb15px\u00bb button_text_color=\u00bb#FFFFFF\u00bb button_bg_color=\u00bb#000000&#8243; button_border_width=\u00bb2px\u00bb button_border_color=\u00bb#FFFFFF\u00bb button_border_radius=\u00bb11px\u00bb custom_css_main_element=\u00bbwidth:100%;\u00bb global_colors_info=\u00bb{}\u00bb][\/et_pb_button][\/et_pb_column_inner][et_pb_column_inner type=\u00bb1_2&#8243; saved_specialty_column_type=\u00bb1_2&#8243; _builder_version=\u00bb4.17.6&#8243; _module_preset=\u00bbdefault\u00bb global_colors_info=\u00bb{}\u00bb][\/et_pb_column_inner][\/et_pb_row_inner][\/et_pb_column][et_pb_column type=\u00bb1_2&#8243; _builder_version=\u00bb4.16&#8243; custom_padding=\u00bb|||\u00bb global_colors_info=\u00bb{}\u00bb custom_padding__hover=\u00bb|||\u00bb][\/et_pb_column][\/et_pb_section][et_pb_section fb_built=\u00bb1&#8243; _builder_version=\u00bb4.17.6&#8243; _module_preset=\u00bbdefault\u00bb background_color=\u00bb#FFFFFF\u00bb background_image=\u00bbhttp:\/\/droctaviogonzalez.com\/wp-content\/uploads\/2026\/01\/fondo.png\u00bb global_colors_info=\u00bb{}\u00bb][et_pb_row column_structure=\u00bb1_2,1_2&#8243; _builder_version=\u00bb4.17.6&#8243; _module_preset=\u00bbdefault\u00bb global_colors_info=\u00bb{}\u00bb][et_pb_column type=\u00bb1_2&#8243; _builder_version=\u00bb4.17.6&#8243; _module_preset=\u00bbdefault\u00bb global_colors_info=\u00bb{}\u00bb][et_pb_video_slider _builder_version=\u00bb4.17.6&#8243; _module_preset=\u00bbdefault\u00bb global_colors_info=\u00bb{}\u00bb][et_pb_video_slider_item src=\u00bbhttp:\/\/droctaviogonzalez.com\/wp-content\/uploads\/2026\/02\/YASMINE-DIAZ.mp4&#8243; src_last_edited=\u00bboff|desktop\u00bb _builder_version=\u00bb4.17.6&#8243; _module_preset=\u00bbdefault\u00bb global_colors_info=\u00bb{}\u00bb show_image_overlay=\u00bboff\u00bb][\/et_pb_video_slider_item][et_pb_video_slider_item src=\u00bbhttp:\/\/droctaviogonzalez.com\/wp-content\/uploads\/2026\/02\/Melissa-Mclean.mp4&#8243; _builder_version=\u00bb4.17.6&#8243; _module_preset=\u00bbdefault\u00bb global_colors_info=\u00bb{}\u00bb show_image_overlay=\u00bboff\u00bb][\/et_pb_video_slider_item][et_pb_video_slider_item src=\u00bbhttp:\/\/droctaviogonzalez.com\/wp-content\/uploads\/2026\/02\/02033.mp4&#8243; _builder_version=\u00bb4.17.6&#8243; _module_preset=\u00bbdefault\u00bb global_colors_info=\u00bb{}\u00bb show_image_overlay=\u00bboff\u00bb][\/et_pb_video_slider_item][\/et_pb_video_slider][\/et_pb_column][et_pb_column type=\u00bb1_2&#8243; _builder_version=\u00bb4.17.6&#8243; _module_preset=\u00bbdefault\u00bb global_colors_info=\u00bb{}\u00bb][et_pb_video_slider _builder_version=\u00bb4.17.6&#8243; _module_preset=\u00bbdefault\u00bb global_colors_info=\u00bb{}\u00bb][et_pb_video_slider_item src=\u00bbhttp:\/\/droctaviogonzalez.com\/wp-content\/uploads\/2026\/02\/Merry-Bermudez.mp4&#8243; _builder_version=\u00bb4.17.6&#8243; _module_preset=\u00bbdefault\u00bb global_colors_info=\u00bb{}\u00bb show_image_overlay=\u00bboff\u00bb][\/et_pb_video_slider_item][et_pb_video_slider_item src=\u00bbhttp:\/\/droctaviogonzalez.com\/wp-content\/uploads\/2026\/02\/11261.mp4&#8243; _builder_version=\u00bb4.17.6&#8243; _module_preset=\u00bbdefault\u00bb global_colors_info=\u00bb{}\u00bb show_image_overlay=\u00bboff\u00bb][\/et_pb_video_slider_item][\/et_pb_video_slider][\/et_pb_column][\/et_pb_row][\/et_pb_section][et_pb_section fb_built=\u00bb1&#8243; _builder_version=\u00bb4.17.6&#8243; _module_preset=\u00bbdefault\u00bb background_image=\u00bbhttp:\/\/droctaviogonzalez.com\/wp-content\/uploads\/2026\/01\/ed.png\u00bb global_colors_info=\u00bb{}\u00bb][\/et_pb_section]<\/p>","protected":false},"excerpt":{"rendered":"<p>TESTIMONIOSCada historia que compartimos aqu\u00ed refleja la experiencia aut\u00e9ntica de nuestros pacientes. Desde la primera consulta hasta su recuperaci\u00f3n, sus palabras hablan de confianza, acompa\u00f1amiento m\u00e9dico y resultados que van m\u00e1s all\u00e1 de lo est\u00e9tico.Conoce c\u00f3mo cada procedimiento ha impactado positivamente su seguridad, bienestar y calidad de vida. Porque no hay mejor referencia que la [&hellip;]<\/p>","protected":false},"author":1,"featured_media":0,"parent":0,"menu_order":0,"comment_status":"closed","ping_status":"closed","template":"","meta":{"_et_pb_use_builder":"on","_et_pb_old_content":"","_et_gb_content_width":"","_monsterinsights_skip_tracking":false,"_monsterinsights_sitenote_active":false,"_monsterinsights_sitenote_note":"","_monsterinsights_sitenote_category":0},"_links":{"self":[{"href":"https:\/\/droctaviogonzalez.com\/en\/wp-json\/wp\/v2\/pages\/560"}],"collection":[{"href":"https:\/\/droctaviogonzalez.com\/en\/wp-json\/wp\/v2\/pages"}],"about":[{"href":"https:\/\/droctaviogonzalez.com\/en\/wp-json\/wp\/v2\/types\/page"}],"author":[{"embeddable":true,"href":"https:\/\/droctaviogonzalez.com\/en\/wp-json\/wp\/v2\/users\/1"}],"replies":[{"embeddable":true,"href":"https:\/\/droctaviogonzalez.com\/en\/wp-json\/wp\/v2\/comments?post=560"}],"version-history":[{"count":7,"href":"https:\/\/droctaviogonzalez.com\/en\/wp-json\/wp\/v2\/pages\/560\/revisions"}],"predecessor-version":[{"id":1321,"href":"https:\/\/droctaviogonzalez.com\/en\/wp-json\/wp\/v2\/pages\/560\/revisions\/1321"}],"wp:attachment":[{"href":"https:\/\/droctaviogonzalez.com\/en\/wp-json\/wp\/v2\/media?parent=560"}],"curies":[{"name":"wp","href":"https:\/\/api.w.org\/{rel}","templated":true}]}}