{"id":52,"date":"2022-08-02T00:29:33","date_gmt":"2022-08-02T00:29:33","guid":{"rendered":"https:\/\/droctaviogonzalez.com\/?page_id=52"},"modified":"2026-04-13T18:33:32","modified_gmt":"2026-04-13T18:33:32","slug":"dr-octavio-gonzalez","status":"publish","type":"page","link":"https:\/\/droctaviogonzalez.com\/en\/dr-octavio-gonzalez\/","title":{"rendered":"Dr Octavio Gonzalez"},"content":{"rendered":"<p>[et_pb_section fb_built=\u00bb1&#8243; specialty=\u00bbon\u00bb _builder_version=\u00bb4.17.6&#8243; _module_preset=\u00bbdefault\u00bb background_image=\u00bbhttp:\/\/droctaviogonzalez.com\/wp-content\/uploads\/2026\/01\/portada-2.png\u00bb min_height=\u00bb702.8px\u00bb background_last_edited=\u00bbon|phone\u00bb background_enable_color_phone=\u00bboff\u00bb background_blend_phone=\u00bbnormal\u00bb background_enable_mask_style_phone=\u00bboff\u00bb custom_css_main_element=\u00bbheight:80vh;\u00bb global_colors_info=\u00bb{}\u00bb custom_css_main_element_last_edited=\u00bbon|phone\u00bb custom_css_main_element_tablet=\u00bbheight:80vh;\u00bb custom_css_main_element_phone=\u00bbheight:80vh;\u00bb][et_pb_column type=\u00bb1_2&#8243; _builder_version=\u00bb4.16&#8243; custom_padding=\u00bb|||\u00bb global_colors_info=\u00bb{}\u00bb custom_padding__hover=\u00bb|||\u00bb][\/et_pb_column][et_pb_column type=\u00bb1_2&#8243; specialty_columns=\u00bb2&#8243; _builder_version=\u00bb4.16&#8243; custom_padding=\u00bb|||\u00bb global_colors_info=\u00bb{}\u00bb custom_padding__hover=\u00bb|||\u00bb][et_pb_row_inner _builder_version=\u00bb4.17.6&#8243; _module_preset=\u00bbdefault\u00bb custom_padding=\u00bb||0px|||\u00bb global_colors_info=\u00bb{}\u00bb][et_pb_column_inner saved_specialty_column_type=\u00bb1_2&#8243; _builder_version=\u00bb4.17.6&#8243; _module_preset=\u00bbdefault\u00bb global_colors_info=\u00bb{}\u00bb][et_pb_divider show_divider=\u00bboff\u00bb _builder_version=\u00bb4.17.6&#8243; _module_preset=\u00bbdefault\u00bb height=\u00bb80px\u00bb height_tablet=\u00bb80px\u00bb height_phone=\u00bb80px\u00bb height_last_edited=\u00bbon|phone\u00bb global_colors_info=\u00bb{}\u00bb][\/et_pb_divider][et_pb_divider show_divider=\u00bboff\u00bb _builder_version=\u00bb4.17.6&#8243; _module_preset=\u00bbdefault\u00bb height=\u00bb80px\u00bb height_tablet=\u00bb80px\u00bb height_phone=\u00bb80px\u00bb height_last_edited=\u00bbon|phone\u00bb global_colors_info=\u00bb{}\u00bb][\/et_pb_divider][et_pb_text _builder_version=\u00bb4.17.6&#8243; _module_preset=\u00bbdefault\u00bb text_font=\u00bbBelleza||||||||\u00bb header_font=\u00bbNoto Serif JP||||||||\u00bb header_font_size=\u00bb42px\u00bb custom_margin=\u00bb-37px||16px|||\u00bb text_text_shadow_style=\u00bbpreset1&#8243; global_colors_info=\u00bb{}\u00bb]<\/p>\n<h1><span style=\"color: #ffffff;\">DR. OCTAVIO A. <\/span><\/h1>\n<h1><span style=\"color: #ffffff;\">GONZ\u00c1LEZ GALINDO\u00a0<\/span><\/h1>\n<p>[\/et_pb_text][\/et_pb_column_inner][\/et_pb_row_inner][et_pb_row_inner _builder_version=\u00bb4.17.6&#8243; _module_preset=\u00bbdefault\u00bb custom_padding=\u00bb5px|||||\u00bb global_colors_info=\u00bb{}\u00bb][et_pb_column_inner saved_specialty_column_type=\u00bb1_2&#8243; _builder_version=\u00bb4.17.6&#8243; _module_preset=\u00bbdefault\u00bb global_colors_info=\u00bb{}\u00bb][et_pb_text _builder_version=\u00bb4.17.6&#8243; _module_preset=\u00bbdefault\u00bb text_font=\u00bbMontserrat|||||on|||\u00bb text_text_color=\u00bb#FFFFFF\u00bb text_font_size=\u00bb19px\u00bb custom_margin=\u00bb-23px||-75px|||\u00bb custom_padding=\u00bb0px||14px|||\u00bb global_colors_info=\u00bb{}\u00bb]<\/p>\n<p><span style=\"font-weight: 400;\">Cirujano Pl\u00e1stico, Est\u00e9tico y Reconstructivo<\/span><\/p>\n<p>[\/et_pb_text][\/et_pb_column_inner][\/et_pb_row_inner][et_pb_row_inner _builder_version=\u00bb4.17.6&#8243; _module_preset=\u00bbdefault\u00bb custom_padding=\u00bb0px|||||\u00bb global_colors_info=\u00bb{}\u00bb][et_pb_column_inner saved_specialty_column_type=\u00bb1_2&#8243; _builder_version=\u00bb4.17.6&#8243; _module_preset=\u00bbdefault\u00bb global_colors_info=\u00bb{}\u00bb][et_pb_text _builder_version=\u00bb4.17.6&#8243; _module_preset=\u00bbdefault\u00bb text_font=\u00bbMontserrat|||on|||||\u00bb text_text_color=\u00bb#FFFFFF\u00bb text_font_size=\u00bb11px\u00bb custom_margin=\u00bb|149px||||\u00bb custom_padding=\u00bb0px|0px||||\u00bb global_colors_info=\u00bb{}\u00bb]<\/p>\n<p><span style=\"font-weight: 400;\">Experiencia, precisi\u00f3n y formaci\u00f3n internacional al servicio de resultados naturales y seguros<\/span><\/p>\n<p>[\/et_pb_text][\/et_pb_column_inner][\/et_pb_row_inner][et_pb_row_inner _builder_version=\u00bb4.17.6&#8243; _module_preset=\u00bbdefault\u00bb global_colors_info=\u00bb{}\u00bb][et_pb_column_inner saved_specialty_column_type=\u00bb1_2&#8243; _builder_version=\u00bb4.17.6&#8243; _module_preset=\u00bbdefault\u00bb global_colors_info=\u00bb{}\u00bb][et_pb_button button_url=\u00bbhttps:\/\/droctaviogonzalez.com\/contacto\/\u00bb button_text=\u00bbAGENDA TU VALORACI\u00d3N\u00bb _builder_version=\u00bb4.17.6&#8243; _module_preset=\u00bbdefault\u00bb custom_button=\u00bbon\u00bb button_text_size=\u00bb17px\u00bb button_text_color=\u00bb#FFFFFF\u00bb custom_margin=\u00bb-23px|||||\u00bb global_colors_info=\u00bb{}\u00bb][\/et_pb_button][\/et_pb_column_inner][\/et_pb_row_inner][\/et_pb_column][\/et_pb_section][et_pb_section fb_built=\u00bb1&#8243; _builder_version=\u00bb4.17.6&#8243; _module_preset=\u00bbdefault\u00bb background_image=\u00bbhttp:\/\/droctaviogonzalez.com\/wp-content\/uploads\/2026\/03\/FONDO-CLAQRO-2.png\u00bb custom_padding=\u00bb0px||1px|||\u00bb global_colors_info=\u00bb{}\u00bb][et_pb_row column_structure=\u00bb3_5,2_5&#8243; _builder_version=\u00bb4.17.6&#8243; _module_preset=\u00bbdefault\u00bb global_colors_info=\u00bb{}\u00bb][et_pb_column type=\u00bb3_5&#8243; _builder_version=\u00bb4.17.6&#8243; _module_preset=\u00bbdefault\u00bb global_colors_info=\u00bb{}\u00bb][et_pb_text _builder_version=\u00bb4.17.6&#8243; _module_preset=\u00bbdefault\u00bb text_font=\u00bbNoto Serif JP|||on|||||\u00bb text_text_color=\u00bb#000000&#8243; text_font_size=\u00bb21px\u00bb text_letter_spacing=\u00bb2px\u00bb custom_padding=\u00bb47px|||||\u00bb global_colors_info=\u00bb{}\u00bb]<\/p>\n<p>&nbsp;<\/p>\n<p><span>Trayectoria profesional<\/span><\/p>\n<p>[\/et_pb_text][et_pb_text _builder_version=\u00bb4.17.6&#8243; _module_preset=\u00bbdefault\u00bb text_font=\u00bbMontserrat|||on|||||\u00bb text_text_color=\u00bb#000000&#8243; text_font_size=\u00bb13px\u00bb custom_padding=\u00bb||2px|||\u00bb global_colors_info=\u00bb{}\u00bb]<\/p>\n<p>\u00a0<span style=\"font-weight: 400;\">El <strong>Dr. Octavio A. Gonz\u00e1lez Galindo<\/strong> es cirujano pl\u00e1stico egresado de la Facultad de Medicina de la UANL. Realiz\u00f3 su <strong>especialidad en Cirug\u00eda General<\/strong> y posteriormente la <strong>subespecialidad en Cirug\u00eda Pl\u00e1stica, Est\u00e9tica y Reconstructiva<\/strong> en la Universidad Nacional Aut\u00f3noma de M\u00e9xico.<\/span><\/p>\n<p><span style=\"font-weight: 400;\">Su formaci\u00f3n m\u00e9dica se caracteriza por una preparaci\u00f3n rigurosa y un enfoque orientado a resultados naturales y seguros para cada paciente.<\/span><\/p>\n<p>[\/et_pb_text][\/et_pb_column][et_pb_column type=\u00bb2_5&#8243; _builder_version=\u00bb4.17.6&#8243; _module_preset=\u00bbdefault\u00bb global_colors_info=\u00bb{}\u00bb][et_pb_image src=\u00bbhttp:\/\/droctaviogonzalez.com\/wp-content\/uploads\/2026\/04\/DOC.-8.png\u00bb title_text=\u00bbDOC. 8&#8243; _builder_version=\u00bb4.17.6&#8243; _module_preset=\u00bbdefault\u00bb width=\u00bb76%\u00bb max_width=\u00bb100%\u00bb hover_enabled=\u00bb0&#8243; global_colors_info=\u00bb{}\u00bb sticky_enabled=\u00bb0&#8243;][\/et_pb_image][\/et_pb_column][\/et_pb_row][\/et_pb_section][et_pb_section fb_built=\u00bb1&#8243; _builder_version=\u00bb4.17.6&#8243; _module_preset=\u00bbdefault\u00bb background_image=\u00bbhttp:\/\/droctaviogonzalez.com\/wp-content\/uploads\/2026\/03\/FONDO-W.png\u00bb global_colors_info=\u00bb{}\u00bb][et_pb_row _builder_version=\u00bb4.17.6&#8243; _module_preset=\u00bbdefault\u00bb global_colors_info=\u00bb{}\u00bb][et_pb_column type=\u00bb4_4&#8243; _builder_version=\u00bb4.17.6&#8243; _module_preset=\u00bbdefault\u00bb global_colors_info=\u00bb{}\u00bb][et_pb_text _builder_version=\u00bb4.17.6&#8243; _module_preset=\u00bbdefault\u00bb text_font=\u00bbNoto Serif JP||||||||\u00bb text_text_color=\u00bb#FFFFFF\u00bb text_font_size=\u00bb31px\u00bb text_letter_spacing=\u00bb9px\u00bb text_orientation=\u00bbcenter\u00bb global_colors_info=\u00bb{}\u00bb]<\/p>\n<p>PREPARACI\u00d3N INTERNACIONAL<\/p>\n<p>[\/et_pb_text][\/et_pb_column][\/et_pb_row][et_pb_row column_structure=\u00bb1_2,1_2&#8243; _builder_version=\u00bb4.17.6&#8243; _module_preset=\u00bbdefault\u00bb global_colors_info=\u00bb{}\u00bb][et_pb_column type=\u00bb1_2&#8243; _builder_version=\u00bb4.17.6&#8243; _module_preset=\u00bbdefault\u00bb global_colors_info=\u00bb{}\u00bb][et_pb_text _builder_version=\u00bb4.17.6&#8243; _module_preset=\u00bbdefault\u00bb text_font=\u00bbMontserrat|||on|||||\u00bb text_text_color=\u00bb#FFFFFF\u00bb text_orientation=\u00bbcenter\u00bb global_colors_info=\u00bb{}\u00bb]<\/p>\n<p><strong>Italia &#8211; Mil\u00e1n<\/strong><\/p>\n<p><span style=\"font-weight: 400;\">Formaci\u00f3n en cirug\u00eda est\u00e9tica y reconstructiva de mama y cirug\u00eda facial junto al equipo del Dr. Maurizio Nava y el Dr. Giovanni Botti.<\/span><\/p>\n<p>[\/et_pb_text][\/et_pb_column][et_pb_column type=\u00bb1_2&#8243; _builder_version=\u00bb4.17.6&#8243; _module_preset=\u00bbdefault\u00bb global_colors_info=\u00bb{}\u00bb][et_pb_text _builder_version=\u00bb4.17.6&#8243; _module_preset=\u00bbdefault\u00bb text_font=\u00bbMontserrat|||on|||||\u00bb text_text_color=\u00bb#FFFFFF\u00bb text_orientation=\u00bbcenter\u00bb global_colors_info=\u00bb{}\u00bb]<\/p>\n<p><strong>Brasil &#8211; Sao Paulo<\/strong><\/p>\n<p><span style=\"font-weight: 400;\">Entrenamiento con el Dr. Ra\u00fal Gonz\u00e1lez en cirug\u00eda est\u00e9tica de contorno corporal e implantes gl\u00fateos en la Cl\u00ednica Dr. Ra\u00fal Gonz\u00e1lez.<\/span><\/p>\n<p>[\/et_pb_text][\/et_pb_column][\/et_pb_row][\/et_pb_section][et_pb_section fb_built=\u00bb1&#8243; _builder_version=\u00bb4.17.6&#8243; _module_preset=\u00bbdefault\u00bb background_image=\u00bbhttp:\/\/droctaviogonzalez.com\/wp-content\/uploads\/2026\/03\/FONDO-CLAQRO-2.png\u00bb global_colors_info=\u00bb{}\u00bb][et_pb_row column_structure=\u00bb1_4,3_4&#8243; _builder_version=\u00bb4.17.6&#8243; _module_preset=\u00bbdefault\u00bb custom_padding=\u00bb33px|||||\u00bb global_colors_info=\u00bb{}\u00bb][et_pb_column type=\u00bb1_4&#8243; _builder_version=\u00bb4.17.6&#8243; _module_preset=\u00bbdefault\u00bb global_colors_info=\u00bb{}\u00bb][et_pb_image src=\u00bbhttp:\/\/droctaviogonzalez.com\/wp-content\/uploads\/2026\/04\/DOC-6.png\u00bb title_text=\u00bbDOC 6&#8243; _builder_version=\u00bb4.17.6&#8243; _module_preset=\u00bbdefault\u00bb hover_enabled=\u00bb0&#8243; global_colors_info=\u00bb{}\u00bb sticky_enabled=\u00bb0&#8243;][\/et_pb_image][\/et_pb_column][et_pb_column type=\u00bb3_4&#8243; _builder_version=\u00bb4.17.6&#8243; _module_preset=\u00bbdefault\u00bb global_colors_info=\u00bb{}\u00bb][et_pb_text _builder_version=\u00bb4.17.6&#8243; _module_preset=\u00bbdefault\u00bb text_font=\u00bbNoto Serif JP|||on|||||\u00bb text_text_color=\u00bb#000000&#8243; text_font_size=\u00bb21px\u00bb text_letter_spacing=\u00bb6px\u00bb custom_margin=\u00bb||-26px|||\u00bb custom_padding=\u00bb97px||5px|||\u00bb global_colors_info=\u00bb{}\u00bb]<\/p>\n<p><span style=\"font-weight: 400;\">Certificaciones profesionales<\/span><\/p>\n<p>[\/et_pb_text][et_pb_text _builder_version=\u00bb4.17.6&#8243; _module_preset=\u00bbdefault\u00bb text_font=\u00bbMontserrat|||on|||||\u00bb text_text_color=\u00bb#000000&#8243; custom_padding=\u00bb0px|||||\u00bb global_colors_info=\u00bb{}\u00bb]<\/p>\n<p>&nbsp;<\/p>\n<ul>\n<li><span style=\"font-weight: 400;\">\u00a0Consejo Mexicano de Cirug\u00eda Pl\u00e1stica, Est\u00e9tica y Reconstructiva (CMCPER) \u2014 Certificaci\u00f3n 1537<\/span><\/li>\n<li><span style=\"font-weight: 400;\">Asociaci\u00f3n Mexicana de Cirug\u00eda Pl\u00e1stica, Est\u00e9tica y Reconstructiva (AMCPER)<\/span><\/li>\n<li><span style=\"font-weight: 400;\">\u00a0La Medicina en la Facultad de Medicina de la UANL. La especialidad en Cirug\u00eda General.<\/span><\/li>\n<\/ul>\n<p><span style=\"font-weight: 400;\">\u00a0<\/span><\/p>\n<p>&nbsp;<\/p>\n<p>[\/et_pb_text][\/et_pb_column][\/et_pb_row][\/et_pb_section][et_pb_section fb_built=\u00bb1&#8243; _builder_version=\u00bb4.17.6&#8243; _module_preset=\u00bbdefault\u00bb background_color=\u00bb#eaeaea\u00bb background_image=\u00bbhttp:\/\/droctaviogonzalez.com\/wp-content\/uploads\/2026\/03\/JJJ.png\u00bb min_height=\u00bb878.5px\u00bb global_colors_info=\u00bb{}\u00bb][et_pb_row column_structure=\u00bb1_2,1_2&#8243; _builder_version=\u00bb4.17.6&#8243; _module_preset=\u00bbdefault\u00bb global_colors_info=\u00bb{}\u00bb][et_pb_column type=\u00bb1_2&#8243; _builder_version=\u00bb4.17.6&#8243; _module_preset=\u00bbdefault\u00bb background_color=\u00bb#FFFFFF\u00bb custom_padding=\u00bb20px|20px|20px|20px|false|false\u00bb border_radii=\u00bbon|10px|10px|10px|10px\u00bb box_shadow_style=\u00bbpreset1&#8243; global_colors_info=\u00bb{}\u00bb][et_pb_text _builder_version=\u00bb4.17.6&#8243; _module_preset=\u00bbdefault\u00bb text_font=\u00bbNoto Serif JP|||on|||||\u00bb text_text_color=\u00bb#000000&#8243; text_font_size=\u00bb40px\u00bb text_letter_spacing=\u00bb2px\u00bb text_line_height=\u00bb1.8em\u00bb custom_margin=\u00bb165px||-26px|||\u00bb custom_padding=\u00bb36px||14px|||\u00bb global_colors_info=\u00bb{}\u00bb]<\/p>\n<p style=\"text-align: left;\"><span style=\"font-weight: 400;\">Compromiso con\u00a0<\/span><\/p>\n<p>[\/et_pb_text][et_pb_text _builder_version=\u00bb4.17.6&#8243; _module_preset=\u00bbdefault\u00bb text_font=\u00bb|||on|||||\u00bb text_text_color=\u00bb#efb700&#8243; text_font_size=\u00bb41px\u00bb text_letter_spacing=\u00bb4px\u00bb text_line_height=\u00bb1.1em\u00bb min_height=\u00bb76px\u00bb custom_margin=\u00bb-26px|||||\u00bb custom_padding=\u00bb0px|||||\u00bb global_colors_info=\u00bb{}\u00bb]<\/p>\n<p><span style=\"font-weight: 400;\">la excelencia m\u00e9dica<\/span><\/p>\n<p>[\/et_pb_text][et_pb_text _builder_version=\u00bb4.17.6&#8243; _module_preset=\u00bbdefault\u00bb text_font=\u00bbMontserrat|||on|||||\u00bb text_text_color=\u00bb#000000&#8243; text_font_size=\u00bb12px\u00bb text_letter_spacing=\u00bb1px\u00bb custom_margin=\u00bb-50px||131px|||\u00bb custom_padding=\u00bb0px|||||\u00bb global_colors_info=\u00bb{}\u00bb]<\/p>\n<p>&nbsp;<\/p>\n<p><span style=\"font-weight: 400;\">El Dr. Octavio Gonz\u00e1lez dedica su pr\u00e1ctica a ofrecer procedimientos seguros, personalizados y con resultados arm\u00f3nicos. Su enfoque combina precisi\u00f3n quir\u00fargica, tecnolog\u00eda de vanguardia y una atenci\u00f3n cercana a cada paciente.<\/span><\/p>\n<p><span style=\"font-weight: 400;\">Cada a\u00f1o participa en congresos nacionales e internacionales de cirug\u00eda pl\u00e1stica para mantenerse actualizado en las t\u00e9cnicas m\u00e1s avanzadas de la especialidad.<\/span><\/p>\n<p>[\/et_pb_text][\/et_pb_column][et_pb_column type=\u00bb1_2&#8243; _builder_version=\u00bb4.17.6&#8243; _module_preset=\u00bbdefault\u00bb global_colors_info=\u00bb{}\u00bb][et_pb_image src=\u00bbhttp:\/\/droctaviogonzalez.com\/wp-content\/uploads\/2026\/04\/DOC-5.png\u00bb title_text=\u00bbDOC 5&#8243; align=\u00bbcenter\u00bb _builder_version=\u00bb4.17.6&#8243; _module_preset=\u00bbdefault\u00bb hover_enabled=\u00bb0&#8243; border_width_all=\u00bb5px\u00bb global_colors_info=\u00bb{}\u00bb sticky_enabled=\u00bb0&#8243;][\/et_pb_image][et_pb_text _builder_version=\u00bb4.17.6&#8243; _module_preset=\u00bbdefault\u00bb text_font=\u00bbBelleza||||||||\u00bb text_font_size=\u00bb25px\u00bb global_colors_info=\u00bb{}\u00bb]<\/p>\n<p style=\"text-align: center;\"><span style=\"color: #000000;\">DR.OCTAVIO GONZ\u00c1LEZ<\/span><\/p>\n<p>[\/et_pb_text][et_pb_text _builder_version=\u00bb4.17.6&#8243; _module_preset=\u00bbdefault\u00bb text_font=\u00bbMontserrat||||||||\u00bb text_font_size=\u00bb16px\u00bb custom_margin=\u00bb-20px||||false|false\u00bb global_colors_info=\u00bb{}\u00bb]<\/p>\n<p style=\"text-align: center;\">Cirujano Pl\u00e1stico<\/p>\n<p>[\/et_pb_text][et_pb_button button_url=\u00bb#cont\u00bb button_text=\u00bbAgenda una Cita\u00bb button_alignment=\u00bbcenter\u00bb _builder_version=\u00bb4.17.6&#8243; _module_preset=\u00bbdefault\u00bb custom_button=\u00bbon\u00bb button_text_size=\u00bb15px\u00bb button_text_color=\u00bb#FFFFFF\u00bb button_bg_color=\u00bb#000000&#8243; button_border_width=\u00bb2px\u00bb button_border_color=\u00bb#FFFFFF\u00bb button_border_radius=\u00bb11px\u00bb custom_css_main_element=\u00bbwidth:70%;\u00bb global_colors_info=\u00bb{}\u00bb][\/et_pb_button][\/et_pb_column][\/et_pb_row][\/et_pb_section]<\/p>","protected":false},"excerpt":{"rendered":"<p>DR. OCTAVIO A. GONZ\u00c1LEZ GALINDO\u00a0Cirujano Pl\u00e1stico, Est\u00e9tico y ReconstructivoExperiencia, precisi\u00f3n y formaci\u00f3n internacional al servicio de resultados naturales y seguros&nbsp; Trayectoria profesional\u00a0El Dr. Octavio A. Gonz\u00e1lez Galindo es cirujano pl\u00e1stico egresado de la Facultad de Medicina de la UANL. Realiz\u00f3 su especialidad en Cirug\u00eda General y posteriormente la subespecialidad en Cirug\u00eda Pl\u00e1stica, Est\u00e9tica y Reconstructiva [&hellip;]<\/p>","protected":false},"author":1,"featured_media":0,"parent":0,"menu_order":0,"comment_status":"closed","ping_status":"closed","template":"","meta":{"_et_pb_use_builder":"on","_et_pb_old_content":"","_et_gb_content_width":"","_monsterinsights_skip_tracking":false,"_monsterinsights_sitenote_active":false,"_monsterinsights_sitenote_note":"","_monsterinsights_sitenote_category":0},"_links":{"self":[{"href":"https:\/\/droctaviogonzalez.com\/en\/wp-json\/wp\/v2\/pages\/52"}],"collection":[{"href":"https:\/\/droctaviogonzalez.com\/en\/wp-json\/wp\/v2\/pages"}],"about":[{"href":"https:\/\/droctaviogonzalez.com\/en\/wp-json\/wp\/v2\/types\/page"}],"author":[{"embeddable":true,"href":"https:\/\/droctaviogonzalez.com\/en\/wp-json\/wp\/v2\/users\/1"}],"replies":[{"embeddable":true,"href":"https:\/\/droctaviogonzalez.com\/en\/wp-json\/wp\/v2\/comments?post=52"}],"version-history":[{"count":19,"href":"https:\/\/droctaviogonzalez.com\/en\/wp-json\/wp\/v2\/pages\/52\/revisions"}],"predecessor-version":[{"id":1355,"href":"https:\/\/droctaviogonzalez.com\/en\/wp-json\/wp\/v2\/pages\/52\/revisions\/1355"}],"wp:attachment":[{"href":"https:\/\/droctaviogonzalez.com\/en\/wp-json\/wp\/v2\/media?parent=52"}],"curies":[{"name":"wp","href":"https:\/\/api.w.org\/{rel}","templated":true}]}}